{"id":653,"date":"2025-01-22T09:52:30","date_gmt":"2025-01-22T09:52:30","guid":{"rendered":"https:\/\/swannymouton.com\/shop\/?page_id=653"},"modified":"2025-01-22T10:18:53","modified_gmt":"2025-01-22T10:18:53","slug":"politiquedeconfidentialite","status":"publish","type":"page","link":"https:\/\/swannymouton.com\/shop\/politiquedeconfidentialite\/","title":{"rendered":"Politique de confidentialit\u00e9"},"content":{"rendered":"\n<main class=\"wp-block-group has-global-padding is-content-justification-left is-layout-constrained wp-container-core-group-is-layout-f70f39d0 wp-block-group-is-layout-constrained\" style=\"margin-top:40px;margin-bottom:120px\">\n<div class=\"wp-block-columns alignwide is-layout-flex wp-container-core-columns-is-layout-05864f54 wp-block-columns-is-layout-flex\" style=\"margin-bottom:80px\">\n<div class=\"wp-block-column is-layout-flow wp-block-column-is-layout-flow\" style=\"flex-basis:70%\">\n<p class=\"has-primary-color has-text-color has-link-color has-large-font-size wp-elements-a307043689088b1cdf8ea728a04ea2d5\">Article 1. Renseignements personnels recueillis<\/p>\n\n\n\n<p class=\"has-medium-font-size\">Lorsque vous effectuez un achat sur cette boutique, dans le cadre de notre processus d\u2019achat et de vente, nous recueillons les renseignements personnels que vous nous fournissez, tels que votre nom, votre adresse et votre adresse e-mail.<\/p>\n\n\n\n<p class=\"has-medium-font-size\">Lorsque vous naviguez sur cette boutique, nous recevons \u00e9galement automatiquement l\u2019adresse de protocole Internet (adresse IP) de votre ordinateur, qui nous permet d\u2019obtenir plus de d\u00e9tails au sujet du navigateur et du syst\u00e8me d\u2019exploitation que vous utilisez.<\/p>\n\n\n\n<p class=\"has-medium-font-size\">Marketing par e-mail (newsletter) : Avec votre permission, nous pourrions vous envoyer des e-mails au sujet de cette boutique, de nouveaux produits et d\u2019autres mises \u00e0 jour.<\/p>\n\n\n\n<h3 class=\"wp-block-heading has-large-font-size\">Article 2. &#8211; Consentement<\/h3>\n\n\n\n<p class=\"has-medium-font-size\">Lorsque vous nous fournissez vos renseignements personnels pour conclure une transaction, v\u00e9rifier votre carte de cr\u00e9dit, passer une commande, planifier une livraison ou retourner un achat, nous pr\u00e9sumons que vous consentez \u00e0 ce que nous recueillions vos renseignements et \u00e0 ce que nous les utilisions \u00e0 cette fin uniquement.<\/p>\n\n\n\n<p class=\"has-medium-font-size\">Si nous vous demandons de nous fournir vos renseignements personnels pour une autre raison, \u00e0 des fins de marketing par exemple, nous vous demanderons directement votre consentement explicite, ou nous vous donnerons la possibilit\u00e9 de refuser.<\/p>\n\n\n\n<p class=\"has-medium-font-size\">Si apr\u00e8s nous avoir donn\u00e9 votre consentement, vous changez d\u2019avis et ne consentez plus \u00e0 ce que nous puissions vous contacter, recueillir vos renseignements ou les divulguer, vous pouvez nous en aviser en nous contactant \u00e0 hello-at-swannymouton.com ou par courrier \u00e0 : Swanny Mouton \u00b7 40 Boulevard Boulay Paty \u00b7 44100 Nantes<\/p>\n\n\n\n<h3 class=\"wp-block-heading has-large-font-size\">Article 3. \u2013 Divulgation<\/h3>\n\n\n\n<p class=\"has-medium-font-size\">Nous pouvons divulguer vos renseignements personnels si la loi nous oblige \u00e0 le faire ou si vous violez nos Conditions G\u00e9n\u00e9rales de Vente et d\u2019Utilisation.<\/p>\n\n\n\n<h3 class=\"wp-block-heading has-large-font-size\">Article 4. \u2013 WordPress &amp; WooCommerce<\/h3>\n\n\n\n<p class=\"has-medium-font-size\">Cette boutique est h\u00e9berg\u00e9e sur OVH, fonctionne dans un environnement mis en place par WordPress, avec une extension fournie par WooCommerce. Ils nous fournissent la plate-forme e-commerce en ligne qui nous permet de vous vendre nos services et produits.<\/p>\n\n\n\n<p class=\"has-medium-font-size\">Vos donn\u00e9es sont stock\u00e9es dans le syst\u00e8me de stockage de donn\u00e9es et les bases de donn\u00e9es de WordPress, et dans l\u2019application g\u00e9n\u00e9rale de WordPress. Vos donn\u00e9es sont conserv\u00e9es sur un serveur s\u00e9curis\u00e9 prot\u00e9g\u00e9 par un pare-feu.<\/p>\n\n\n\n<p class=\"has-medium-font-size\">Si vous r\u00e9alisez votre achat par le biais d\u2019une passerelle de paiement direct, dans ce cas WordPress \/ WooCommerce stockera vos renseignements de carte de cr\u00e9dit. Ces renseignements sont chiffr\u00e9s conform\u00e9ment \u00e0 la norme de s\u00e9curit\u00e9 des donn\u00e9es \u00e9tablie par l\u2019industrie des cartes de paiement (norme PCI-DSS). Les renseignements relatifs \u00e0 votre transaction d\u2019achat sont conserv\u00e9s aussi longtemps que n\u00e9cessaire pour finaliser votre commande. Une fois votre commande finalis\u00e9e, les renseignements relatifs \u00e0 la transaction d\u2019achat sont supprim\u00e9s.<\/p>\n\n\n\n<p class=\"has-medium-font-size\">Toutes les passerelles de paiement direct respectent la norme PCI-DSS, g\u00e9r\u00e9e par le conseil des normes de s\u00e9curit\u00e9 PCI, qui r\u00e9sulte de l\u2019effort conjoint d\u2019entreprises telles que Visa, MasterCard, American Express et Discover.<\/p>\n\n\n\n<p class=\"has-medium-font-size\">Les exigences de la norme PCI-DSS permettent d\u2019assurer le traitement s\u00e9curis\u00e9 des donn\u00e9es de cartes de cr\u00e9dit par notre boutique et par ses prestataires de services.<\/p>\n\n\n\n<p class=\"has-medium-font-size\">Pour plus d\u2019informations, veuillez consulter le site de <a href=\"https:\/\/woocommerce.com\/fr\/\">WooCommerce<\/a> et sa <a href=\"https:\/\/automattic.com\/privacy\/\">Politique de Confidentialit\u00e9<\/a>.<\/p>\n\n\n\n<h3 class=\"wp-block-heading has-large-font-size\">Article 5. \u2013 Services fournis par des tiers<\/h3>\n\n\n\n<p class=\"has-medium-font-size\">De mani\u00e8re g\u00e9n\u00e9rale, les fournisseurs tiers que nous utilisons vont uniquement recueillir, utiliser et divulguer vos renseignements dans la mesure du n\u00e9cessaire pour pouvoir r\u00e9aliser les services qu\u2019ils nous fournissent.<\/p>\n\n\n\n<p>Cependant, certains tiers fournisseurs de services, comme les passerelles de paiement et autres processeurs de transactions de paiement, poss\u00e8dent leurs propres politiques de confidentialit\u00e9 quant aux renseignements que nous sommes tenus de leur fournir pour vos transactions d\u2019achat.<\/p>\n\n\n\n<p>En ce qui concerne ces fournisseurs, nous vous recommandons de lire attentivement leurs politiques de confidentialit\u00e9 pour que vous puissiez comprendre la mani\u00e8re dont ils traiteront vos renseignements personnels.<\/p>\n\n\n\n<p>Il ne faut pas oublier que certains fournisseurs peuvent \u00eatre situ\u00e9s ou avoir des installations situ\u00e9es dans une juridiction diff\u00e9rente de la v\u00f4tre ou de la n\u00f4tre. Donc si vous d\u00e9cidez de poursuivre une transaction qui requiert les services d\u2019un fournisseur tiers, vos renseignements pourraient alors \u00eatre r\u00e9gis par les lois de la juridiction dans laquelle ce fournisseur se situe ou celles de la juridiction dans laquelle ses installations sont situ\u00e9es.<\/p>\n\n\n\n<p>\u00c0 titre d\u2019exemple, si vous \u00eates situ\u00e9 au Canada et que votre transaction est trait\u00e9e par une passerelle de paiement situ\u00e9e aux \u00c9tats-Unis, les renseignements vous appartenant qui ont \u00e9t\u00e9 utilis\u00e9s pour conclure la transaction pourraient \u00eatre divulgu\u00e9s en vertu de la l\u00e9gislation des \u00c9tats-Unis, y compris le Patriot Act.<\/p>\n\n\n\n<p class=\"has-medium-font-size\">Une fois que vous quittez le site de notre boutique ou que vous \u00eates redirig\u00e9 vers le site web ou l\u2019application d\u2019un tiers, vous n\u2019\u00eates plus r\u00e9gi par la pr\u00e9sente Politique de Confidentialit\u00e9 ni par les Conditions G\u00e9n\u00e9rales de Vente et d\u2019Utilisation de notre site web.<\/p>\n\n\n\n<p>Vous pourriez \u00eatre amen\u00e9 \u00e0 quitter notre site web en cliquant sur certains liens pr\u00e9sents sur notre site. Nous n\u2019assumons aucune responsabilit\u00e9 quant aux pratiques de confidentialit\u00e9 exerc\u00e9es par ces autres sites et vous recommandons de lire attentivement leurs politiques de confidentialit\u00e9.<\/p>\n\n\n\n<h3 class=\"wp-block-heading has-large-font-size\">Article 6. S\u00e9curit\u00e9<\/h3>\n\n\n\n<p class=\"has-medium-font-size\">Pour prot\u00e9ger vos donn\u00e9es personnelles, nous prenons des pr\u00e9cautions raisonnables et suivons les meilleures pratiques de l\u2019industrie pour nous assurer qu\u2019elles ne soient pas perdues, d\u00e9tourn\u00e9es, consult\u00e9es, divulgu\u00e9es, modifi\u00e9es ou d\u00e9truites de mani\u00e8re inappropri\u00e9e.<\/p>\n\n\n\n<p class=\"has-medium-font-size\">Si vous nous fournissez vos informations de carte de cr\u00e9dit, elles seront chiffr\u00e9es par le biais de l\u2019utilisation du protocole de s\u00e9curisation SSL et conserv\u00e9es avec un chiffrement de type AES-256. Bien qu\u2019aucune m\u00e9thode de transmission sur Internet ou de stockage \u00e9lectronique ne soit s\u00fbre \u00e0 100 %, nous suivons toutes les exigences de la norme PCI-DSS et mettons en \u0153uvre des normes suppl\u00e9mentaires g\u00e9n\u00e9ralement reconnues par l\u2019industrie.<br><\/p>\n\n\n\n<p class=\"has-medium-font-size\">Voici une liste de fichiers t\u00e9moins que nous utilisons. Nous les avons \u00e9num\u00e9r\u00e9s ici pour que vous ayez la possibilit\u00e9 de choisir si vous souhaitez les autoriser ou non.<\/p>\n\n\n\n<p class=\"has-medium-font-size\">woocommerce_cart_hash et woocommerce_items_in_cart, pour la dur\u00e9e de la session, permet \u00e0 WooCommerce de d\u00e9terminer les modifications apport\u00e9es au panier.<\/p>\n\n\n\n<p class=\"has-medium-font-size\">wp_woocommerce_session_, pour une dur\u00e9e de 2 jours, contient un code unique pour chaque client unique pour associer les informations de panier \u00e0 chaque client dans la base de donn\u00e9es.<\/p>\n\n\n\n<p class=\"has-medium-font-size\">store_notice[notice id], permet aux clients d&#8217;\u00e9carter les notifications de la boutique, le cas \u00e9ch\u00e9ant.<\/p>\n\n\n\n<p class=\"has-medium-font-size\">woocommerce_recently_viewed, nourrit la section &#8216;Produits vus r\u00e9cemment&#8217; (actuellement non pr\u00e9sente sur le site).<\/p>\n\n\n\n<h3 class=\"wp-block-heading has-large-font-size\">Article 7. \u00c2ge de consentement<\/h3>\n\n\n\n<p class=\"has-medium-font-size\">En utilisant ce site, vous d\u00e9clarez que vous avez au moins l\u2019\u00e2ge de la majorit\u00e9 dans votre \u00c9tat ou province de r\u00e9sidence, et que vous nous avez donn\u00e9 votre consentement pour permettre \u00e0 toute personne d\u2019\u00e2ge mineur \u00e0 votre charge d\u2019utiliser ce site web.<\/p>\n\n\n\n<h3 class=\"wp-block-heading has-large-font-size\">Article 8. Modifications apport\u00e9es \u00e0 la pr\u00e9sente politique de confidentialit\u00e9<\/h3>\n\n\n\n<p class=\"has-medium-font-size\">Nous nous r\u00e9servons le droit de modifier la pr\u00e9sente politique de confidentialit\u00e9 \u00e0 tout moment, donc veuillez s\u2019il vous plait consulter la fr\u00e9quemment. Les changements et les clarifications prendront effet imm\u00e9diatement apr\u00e8s leur publication sur le site web. Si nous apportons des changements au contenu de cette politique, nous vous aviserons ici qu\u2019elle a \u00e9t\u00e9 mise \u00e0 jour, pour que vous sachiez quels renseignements nous recueillons, la mani\u00e8re dont nous les utilisons, et dans quelles circonstances nous les divulguons, s\u2019il y a lieu de le faire.<\/p>\n\n\n\n<p class=\"has-medium-font-size\">Si notre boutique fait l\u2019objet d\u2019une acquisition par ou d\u2019une fusion avec une autre entreprise, vos renseignements pourraient \u00eatre transf\u00e9r\u00e9s aux nouveaux propri\u00e9taires pour que nous puissions continuer \u00e0 vous vendre des produits.<\/p>\n\n\n\n<h3 class=\"wp-block-heading has-large-font-size\">Questions et coordonn\u00e9es<\/h3>\n\n\n\n<p class=\"has-medium-font-size\">Si vous souhaitez: acc\u00e9der \u00e0, corriger, modifier ou supprimer toute information personnelle que nous avons \u00e0 votre sujet, d\u00e9poser une plainte, ou si vous souhaitez simplement avoir plus d\u2019informations, contactez Swanny Mouton \u00e0 hello-at-swannymouton.com ou par courrier \u00e0 Swanny Mouton \u00b7 40 Boulevard Boulay Paty, 44100 Nantes, France.<\/p>\n<\/div>\n<\/div>\n<\/main>\n","protected":false},"excerpt":{"rendered":"<p>Article 1. Renseignements personnels recueillis Lorsque vous effectuez un achat sur cette boutique, dans le cadre de notre processus d\u2019achat et de vente, nous recueillons les renseignements personnels que vous nous fournissez, tels que votre nom, votre adresse et votre adresse e-mail. Lorsque vous naviguez sur cette boutique, nous recevons \u00e9galement automatiquement l\u2019adresse de protocole [&hellip;]<\/p>\n","protected":false},"author":1,"featured_media":0,"parent":0,"menu_order":0,"comment_status":"closed","ping_status":"closed","template":"","meta":{"footnotes":""},"class_list":["post-653","page","type-page","status-publish","hentry"],"_links":{"self":[{"href":"https:\/\/swannymouton.com\/shop\/wp-json\/wp\/v2\/pages\/653","targetHints":{"allow":["GET"]}}],"collection":[{"href":"https:\/\/swannymouton.com\/shop\/wp-json\/wp\/v2\/pages"}],"about":[{"href":"https:\/\/swannymouton.com\/shop\/wp-json\/wp\/v2\/types\/page"}],"author":[{"embeddable":true,"href":"https:\/\/swannymouton.com\/shop\/wp-json\/wp\/v2\/users\/1"}],"replies":[{"embeddable":true,"href":"https:\/\/swannymouton.com\/shop\/wp-json\/wp\/v2\/comments?post=653"}],"version-history":[{"count":2,"href":"https:\/\/swannymouton.com\/shop\/wp-json\/wp\/v2\/pages\/653\/revisions"}],"predecessor-version":[{"id":658,"href":"https:\/\/swannymouton.com\/shop\/wp-json\/wp\/v2\/pages\/653\/revisions\/658"}],"wp:attachment":[{"href":"https:\/\/swannymouton.com\/shop\/wp-json\/wp\/v2\/media?parent=653"}],"curies":[{"name":"wp","href":"https:\/\/api.w.org\/{rel}","templated":true}]}}